{"id":22923,"date":"2026-03-04T17:48:18","date_gmt":"2026-03-04T22:48:18","guid":{"rendered":"https:\/\/beauteroyaute.com\/?post_type=product&#038;p=22923"},"modified":"2026-03-22T17:36:18","modified_gmt":"2026-03-22T22:36:18","slug":"snail-slime-scrub","status":"publish","type":"product","link":"https:\/\/beauteroyaute.com\/fr\/produit\/snail-slime-scrub\/","title":{"rendered":"Gommage \u00e0 Bave d\u2019Escargot"},"content":{"rendered":"\t\t<div data-elementor-type=\"wp-post\" data-elementor-id=\"22923\" class=\"elementor elementor-22923\">\n\t\t\t\t\t\t<section class=\"elementor-section elementor-top-section elementor-element elementor-element-c2924f7 elementor-section-stretched elementor-section-full_width elementor-section-height-default elementor-section-height-default\" data-id=\"c2924f7\" data-element_type=\"section\" data-e-type=\"section\" data-settings=\"{&quot;stretch_section&quot;:&quot;section-stretched&quot;,&quot;jet_parallax_layout_list&quot;:[{&quot;jet_parallax_layout_image&quot;:{&quot;url&quot;:&quot;&quot;,&quot;id&quot;:&quot;&quot;,&quot;size&quot;:&quot;&quot;},&quot;_id&quot;:&quot;89aec88&quot;,&quot;jet_parallax_layout_image_tablet&quot;:{&quot;url&quot;:&quot;&quot;,&quot;id&quot;:&quot;&quot;,&quot;size&quot;:&quot;&quot;},&quot;jet_parallax_layout_image_mobile&quot;:{&quot;url&quot;:&quot;&quot;,&quot;id&quot;:&quot;&quot;,&quot;size&quot;:&quot;&quot;},&quot;jet_parallax_layout_speed&quot;:{&quot;unit&quot;:&quot;%&quot;,&quot;size&quot;:50,&quot;sizes&quot;:[]},&quot;jet_parallax_layout_type&quot;:&quot;scroll&quot;,&quot;jet_parallax_layout_direction&quot;:&quot;1&quot;,&quot;jet_parallax_layout_fx_direction&quot;:null,&quot;jet_parallax_layout_z_index&quot;:&quot;&quot;,&quot;jet_parallax_layout_bg_x&quot;:50,&quot;jet_parallax_layout_bg_x_tablet&quot;:&quot;&quot;,&quot;jet_parallax_layout_bg_x_mobile&quot;:&quot;&quot;,&quot;jet_parallax_layout_bg_y&quot;:50,&quot;jet_parallax_layout_bg_y_tablet&quot;:&quot;&quot;,&quot;jet_parallax_layout_bg_y_mobile&quot;:&quot;&quot;,&quot;jet_parallax_layout_bg_size&quot;:&quot;auto&quot;,&quot;jet_parallax_layout_bg_size_tablet&quot;:&quot;&quot;,&quot;jet_parallax_layout_bg_size_mobile&quot;:&quot;&quot;,&quot;jet_parallax_layout_animation_prop&quot;:&quot;transform&quot;,&quot;jet_parallax_layout_on&quot;:[&quot;desktop&quot;,&quot;tablet&quot;]}]}\">\n\t\t\t\t\t\t<div class=\"elementor-container elementor-column-gap-default\">\n\t\t\t\t\t<div class=\"elementor-column elementor-col-33 elementor-top-column elementor-element elementor-element-322244b pro-detail-1\" data-id=\"322244b\" data-element_type=\"column\" data-e-type=\"column\">\n\t\t\t<div class=\"elementor-widget-wrap elementor-element-populated\">\n\t\t\t\t\t\t<div class=\"elementor-element elementor-element-60d66ab elementor-widget elementor-widget-dtshop-widget-product-single-summary\" data-id=\"60d66ab\" data-element_type=\"widget\" data-e-type=\"widget\" data-widget_type=\"dtshop-widget-product-single-summary.default\">\n\t\t\t\t<div class=\"elementor-widget-container\">\n\t\t\t\t\tPlease provide product id to display corresponding data!\t\t\t\t<\/div>\n\t\t\t\t<\/div>\n\t\t\t\t\t<\/div>\n\t\t<\/div>\n\t\t\t\t<div class=\"elementor-column elementor-col-33 elementor-top-column elementor-element elementor-element-de29cb2 pro-detail-2\" data-id=\"de29cb2\" data-element_type=\"column\" data-e-type=\"column\">\n\t\t\t<div class=\"elementor-widget-wrap elementor-element-populated\">\n\t\t\t\t\t\t<div class=\"elementor-element elementor-element-be33708 elementor-widget elementor-widget-dtshop-widget-product-images-default\" data-id=\"be33708\" data-element_type=\"widget\" data-e-type=\"widget\" data-widget_type=\"dtshop-widget-product-images-default.default\">\n\t\t\t\t<div class=\"elementor-widget-container\">\n\t\t\t\t\t<div class=\"woocommerce-product-gallery woocommerce-product-gallery--with-images woocommerce-product-gallery--columns-4 images\" data-columns=\"4\" style=\"opacity: 0; transition: opacity .25s ease-in-out;\">\n\t<figure class=\"woocommerce-product-gallery__wrapper\">\n\t\t<div data-thumb=\"https:\/\/beauteroyaute.com\/wp-content\/uploads\/2026\/03\/PRODUITS_Triomphe_01-100x100.jpg\" data-thumb-alt=\"Snail Slime Scrub\" data-thumb-srcset=\"https:\/\/beauteroyaute.com\/wp-content\/uploads\/2026\/03\/PRODUITS_Triomphe_01-100x100.jpg 100w, https:\/\/beauteroyaute.com\/wp-content\/uploads\/2026\/03\/PRODUITS_Triomphe_01-300x300.jpg 300w, https:\/\/beauteroyaute.com\/wp-content\/uploads\/2026\/03\/PRODUITS_Triomphe_01-1024x1024.jpg 1024w, https:\/\/beauteroyaute.com\/wp-content\/uploads\/2026\/03\/PRODUITS_Triomphe_01-150x150.jpg 150w, https:\/\/beauteroyaute.com\/wp-content\/uploads\/2026\/03\/PRODUITS_Triomphe_01-768x768.jpg 768w, https:\/\/beauteroyaute.com\/wp-content\/uploads\/2026\/03\/PRODUITS_Triomphe_01-1536x1536.jpg 1536w, https:\/\/beauteroyaute.com\/wp-content\/uploads\/2026\/03\/PRODUITS_Triomphe_01-2048x2048.jpg 2048w, https:\/\/beauteroyaute.com\/wp-content\/uploads\/2026\/03\/PRODUITS_Triomphe_01-12x12.jpg 12w, https:\/\/beauteroyaute.com\/wp-content\/uploads\/2026\/03\/PRODUITS_Triomphe_01-450x450.jpg 450w, https:\/\/beauteroyaute.com\/wp-content\/uploads\/2026\/03\/PRODUITS_Triomphe_01-420x420.jpg 420w, https:\/\/beauteroyaute.com\/wp-content\/uploads\/2026\/03\/PRODUITS_Triomphe_01-1000x1000.jpg 1000w\"  data-thumb-sizes=\"(max-width: 100px) 100vw, 100px\" class=\"woocommerce-product-gallery__image\"><a href=\"https:\/\/beauteroyaute.com\/wp-content\/uploads\/2026\/03\/PRODUITS_Triomphe_01.jpg\"><img fetchpriority=\"high\" decoding=\"async\" width=\"1000\" height=\"1000\" src=\"https:\/\/beauteroyaute.com\/wp-content\/uploads\/2026\/03\/PRODUITS_Triomphe_01-1000x1000.jpg\" class=\"wp-post-image\" alt=\"Snail Slime Scrub\" data-caption=\"\" data-src=\"https:\/\/beauteroyaute.com\/wp-content\/uploads\/2026\/03\/PRODUITS_Triomphe_01.jpg\" data-large_image=\"https:\/\/beauteroyaute.com\/wp-content\/uploads\/2026\/03\/PRODUITS_Triomphe_01.jpg\" data-large_image_width=\"2188\" data-large_image_height=\"2188\" srcset=\"https:\/\/beauteroyaute.com\/wp-content\/uploads\/2026\/03\/PRODUITS_Triomphe_01-1000x1000.jpg 1000w, https:\/\/beauteroyaute.com\/wp-content\/uploads\/2026\/03\/PRODUITS_Triomphe_01-300x300.jpg 300w, https:\/\/beauteroyaute.com\/wp-content\/uploads\/2026\/03\/PRODUITS_Triomphe_01-1024x1024.jpg 1024w, https:\/\/beauteroyaute.com\/wp-content\/uploads\/2026\/03\/PRODUITS_Triomphe_01-150x150.jpg 150w, https:\/\/beauteroyaute.com\/wp-content\/uploads\/2026\/03\/PRODUITS_Triomphe_01-768x768.jpg 768w, https:\/\/beauteroyaute.com\/wp-content\/uploads\/2026\/03\/PRODUITS_Triomphe_01-1536x1536.jpg 1536w, https:\/\/beauteroyaute.com\/wp-content\/uploads\/2026\/03\/PRODUITS_Triomphe_01-2048x2048.jpg 2048w, https:\/\/beauteroyaute.com\/wp-content\/uploads\/2026\/03\/PRODUITS_Triomphe_01-12x12.jpg 12w, https:\/\/beauteroyaute.com\/wp-content\/uploads\/2026\/03\/PRODUITS_Triomphe_01-450x450.jpg 450w, https:\/\/beauteroyaute.com\/wp-content\/uploads\/2026\/03\/PRODUITS_Triomphe_01-420x420.jpg 420w, https:\/\/beauteroyaute.com\/wp-content\/uploads\/2026\/03\/PRODUITS_Triomphe_01-100x100.jpg 100w\" sizes=\"(max-width: 1000px) 100vw, 1000px\" \/><\/a><\/div>\t<\/figure>\n\t<\/div>\n\t\t\t\t<\/div>\n\t\t\t\t<\/div>\n\t\t\t\t\t<\/div>\n\t\t<\/div>\n\t\t\t\t<div class=\"elementor-column elementor-col-33 elementor-top-column elementor-element elementor-element-6ddb75d pro-detail-3\" data-id=\"6ddb75d\" data-element_type=\"column\" data-e-type=\"column\">\n\t\t\t<div class=\"elementor-widget-wrap elementor-element-populated\">\n\t\t\t\t\t\t<div class=\"elementor-element elementor-element-35a84f0 elementor-widget elementor-widget-text-editor\" data-id=\"35a84f0\" data-element_type=\"widget\" data-e-type=\"widget\" data-widget_type=\"text-editor.default\">\n\t\t\t\t<div class=\"elementor-widget-container\">\n\t\t\t\t\t\t\t\t\t<p><span class=\"jCAhz ChMk0b\"><span class=\"ryNqvb\"><strong>Triomphe du Corps<\/strong> is a gentle and regenerating scrub designed to care for sensitive body skin.<\/span><\/span> <span class=\"jCAhz ChMk0b\"><span class=\"ryNqvb\">Its formula, enriched with snail mucin, known for its restorative and soothing properties, removes dead skin cells while respecting the skin&#8217;s natural balance.<\/span><\/span><span class=\"jCAhz ChMk0b\"><span class=\"ryNqvb\"> This treatment leaves skin soft, smooth, and visibly revitalized, while improving its elasticity and comfort.<\/span><\/span> <span class=\"jCAhz ChMk0b\"><span class=\"ryNqvb\">Ideal for those who want a luxurious and protective sensory ritual.<\/span><\/span><\/p><p><span class=\"jCAhz ChMk0b\"><span class=\"ryNqvb\"> Ideal for sensitive or reactive skin Gentle body exfoliation, prepares skin to better receive moisturizing treatments<\/span><\/span><\/p><p><span class=\"jCAhz ChMk0b\"><span class=\"ryNqvb\"><strong> Result:<\/strong> Soft, radiant, soothed, and regenerated skin, with a lasting feeling of comfort.<\/span><\/span><\/p><p><strong><span class=\"jCAhz ChMk0b\"><span class=\"ryNqvb\">How to use:<\/span><\/span><\/strong><\/p><ul><li style=\"list-style-type: none;\"><ul><li><span class=\"jCAhz ChMk0b\"><span class=\"ryNqvb\"> Apply to damp skin<\/span><\/span><\/li><li><span class=\"jCAhz ChMk0b\"><span class=\"ryNqvb\"> Gently massage in circular motions <\/span><\/span><\/li><li><span class=\"jCAhz ChMk0b\"><span class=\"ryNqvb\">Rinse thoroughly <\/span><\/span><\/li><li><span class=\"jCAhz ChMk0b\"><span class=\"ryNqvb\">Use 1 to 2 times a week as needed <\/span><\/span><\/li><\/ul><\/li><\/ul><p><span class=\"jCAhz ChMk0b\"><span class=\"ryNqvb\"><strong>Beaut\u00e9 &amp; Royaut\u00e9<\/strong> promises gentle and effective for sensitive skin. Formula enriched with snail mucin, hydrates and regenerates the skin pleasant and sensorial texture.<\/span><\/span><\/p><p><span class=\"jCAhz ChMk0b\"><span class=\"ryNqvb\"><strong>Beaut\u00e9 &amp; Royaut\u00e9<\/strong> \u2014 More than skincare, Royalty.<\/span><\/span><\/p>\t\t\t\t\t\t\t\t<\/div>\n\t\t\t\t<\/div>\n\t\t\t\t\t<\/div>\n\t\t<\/div>\n\t\t\t\t\t<\/div>\n\t\t<\/section>\n\t\t\t\t<section class=\"elementor-section elementor-top-section elementor-element elementor-element-899c4ae elementor-section-boxed elementor-section-height-default elementor-section-height-default\" data-id=\"899c4ae\" data-element_type=\"section\" data-e-type=\"section\" data-settings=\"{&quot;jet_parallax_layout_list&quot;:[]}\">\n\t\t\t\t\t\t<div class=\"elementor-container elementor-column-gap-default\">\n\t\t\t\t\t<div class=\"elementor-column elementor-col-50 elementor-top-column elementor-element elementor-element-0f9fd0d\" data-id=\"0f9fd0d\" data-element_type=\"column\" data-e-type=\"column\">\n\t\t\t<div class=\"elementor-widget-wrap elementor-element-populated\">\n\t\t\t\t\t\t<div class=\"elementor-element elementor-element-8f66dfe elementor-widget elementor-widget-heading\" data-id=\"8f66dfe\" data-element_type=\"widget\" data-e-type=\"widget\" data-widget_type=\"heading.default\">\n\t\t\t\t<div class=\"elementor-widget-container\">\n\t\t\t\t\t<h6 class=\"elementor-heading-title elementor-size-default\"><a href=\"https:\/\/beauteroyaute.com\/refund-policies\/\">REFUND POLICIES<\/a><\/h6>\t\t\t\t<\/div>\n\t\t\t\t<\/div>\n\t\t\t\t\t<\/div>\n\t\t<\/div>\n\t\t\t\t<div class=\"elementor-column elementor-col-50 elementor-top-column elementor-element elementor-element-b47009d\" data-id=\"b47009d\" data-element_type=\"column\" data-e-type=\"column\">\n\t\t\t<div class=\"elementor-widget-wrap elementor-element-populated\">\n\t\t\t\t\t\t<div class=\"elementor-element elementor-element-7055759 elementor-widget elementor-widget-heading\" data-id=\"7055759\" data-element_type=\"widget\" data-e-type=\"widget\" data-widget_type=\"heading.default\">\n\t\t\t\t<div class=\"elementor-widget-container\">\n\t\t\t\t\t<h6 class=\"elementor-heading-title elementor-size-default\"><a href=\"https:\/\/beauteroyaute.com\/general-terms-and-conditions\/\">GENERAL TERMS AND CONDITIONS<\/a><\/h6>\t\t\t\t<\/div>\n\t\t\t\t<\/div>\n\t\t\t\t\t<\/div>\n\t\t<\/div>\n\t\t\t\t\t<\/div>\n\t\t<\/section>\n\t\t\t\t<\/div>\n\t\t","protected":false},"excerpt":{"rendered":"<div class=\"lRu31\" dir=\"ltr\"><span class=\"HwtZe\" lang=\"en\"><span class=\"jCAhz ChMk0b\"><span class=\"ryNqvb\">\u00a0Triomphe du Corps \u2013 Gommage \u00e0 la bave d'escargot Exfolie et r\u00e9g\u00e9n\u00e8re en douceur les peaux sensibles.<\/span><\/span><span class=\"jCAhz ChMk0b\"><span class=\"ryNqvb\"> Une peau douce, lisse et revitalis\u00e9e apr\u00e8s chaque utilisation.<\/span><\/span><span class=\"jCAhz ChMk0b\"><span class=\"ryNqvb\"> Plus qu'un soin, un r\u00e9gal royal.<\/span><\/span><\/span><\/div>","protected":false},"featured_media":22895,"comment_status":"open","ping_status":"closed","template":"","meta":[],"product_brand":[],"product_cat":[15],"product_tag":[],"class_list":{"0":"post-22923","1":"product","2":"type-product","3":"status-publish","4":"has-post-thumbnail","6":"product_cat-beaute-royaute","9":"instock","10":"shipping-taxable","11":"purchasable","12":"product-type-simple","13":"product-grid-view"},"_links":{"self":[{"href":"https:\/\/beauteroyaute.com\/fr\/wp-json\/wp\/v2\/product\/22923","targetHints":{"allow":["GET"]}}],"collection":[{"href":"https:\/\/beauteroyaute.com\/fr\/wp-json\/wp\/v2\/product"}],"about":[{"href":"https:\/\/beauteroyaute.com\/fr\/wp-json\/wp\/v2\/types\/product"}],"replies":[{"embeddable":true,"href":"https:\/\/beauteroyaute.com\/fr\/wp-json\/wp\/v2\/comments?post=22923"}],"version-history":[{"count":50,"href":"https:\/\/beauteroyaute.com\/fr\/wp-json\/wp\/v2\/product\/22923\/revisions"}],"predecessor-version":[{"id":23324,"href":"https:\/\/beauteroyaute.com\/fr\/wp-json\/wp\/v2\/product\/22923\/revisions\/23324"}],"wp:featuredmedia":[{"embeddable":true,"href":"https:\/\/beauteroyaute.com\/fr\/wp-json\/wp\/v2\/media\/22895"}],"wp:attachment":[{"href":"https:\/\/beauteroyaute.com\/fr\/wp-json\/wp\/v2\/media?parent=22923"}],"wp:term":[{"taxonomy":"product_brand","embeddable":true,"href":"https:\/\/beauteroyaute.com\/fr\/wp-json\/wp\/v2\/product_brand?post=22923"},{"taxonomy":"product_cat","embeddable":true,"href":"https:\/\/beauteroyaute.com\/fr\/wp-json\/wp\/v2\/product_cat?post=22923"},{"taxonomy":"product_tag","embeddable":true,"href":"https:\/\/beauteroyaute.com\/fr\/wp-json\/wp\/v2\/product_tag?post=22923"}],"curies":[{"name":"wp","href":"https:\/\/api.w.org\/{rel}","templated":true}]}}