{"id":22513,"date":"2026-03-20T22:19:27","date_gmt":"2026-03-21T03:19:27","guid":{"rendered":"https:\/\/beauteroyaute.com\/?page_id=22513"},"modified":"2026-03-22T15:35:30","modified_gmt":"2026-03-22T20:35:30","slug":"refund-policies","status":"publish","type":"page","link":"https:\/\/beauteroyaute.com\/fr\/refund-policies\/","title":{"rendered":"Return Policies"},"content":{"rendered":"<div data-elementor-type=\"wp-page\" data-elementor-id=\"22513\" class=\"elementor elementor-22513\">\n\t\t\t\t\t\t<section class=\"elementor-section elementor-top-section elementor-element elementor-element-1a17dd1 elementor-section-boxed elementor-section-height-default elementor-section-height-default\" data-id=\"1a17dd1\" data-element_type=\"section\" data-e-type=\"section\" data-settings=\"{&quot;jet_parallax_layout_list&quot;:[]}\">\n\t\t\t\t\t\t<div class=\"elementor-container elementor-column-gap-default\">\n\t\t\t\t\t<div class=\"elementor-column elementor-col-100 elementor-top-column elementor-element elementor-element-9cb0a51\" data-id=\"9cb0a51\" data-element_type=\"column\" data-e-type=\"column\">\n\t\t\t<div class=\"elementor-widget-wrap elementor-element-populated\">\n\t\t\t\t\t\t<div class=\"elementor-element elementor-element-995423f elementor-widget elementor-widget-image\" data-id=\"995423f\" data-element_type=\"widget\" data-e-type=\"widget\" data-widget_type=\"image.default\">\n\t\t\t\t<div class=\"elementor-widget-container\">\n\t\t\t\t\t\t\t\t\t\t\t\t\t\t\t<img fetchpriority=\"high\" decoding=\"async\" width=\"1024\" height=\"289\" src=\"https:\/\/beauteroyaute.com\/wp-content\/uploads\/2026\/03\/BACKGROUND_FOOTER_01111-1024x289.jpg\" class=\"attachment-large size-large wp-image-23296\" alt=\"\" srcset=\"https:\/\/beauteroyaute.com\/wp-content\/uploads\/2026\/03\/BACKGROUND_FOOTER_01111-1024x289.jpg 1024w, https:\/\/beauteroyaute.com\/wp-content\/uploads\/2026\/03\/BACKGROUND_FOOTER_01111-300x85.jpg 300w, https:\/\/beauteroyaute.com\/wp-content\/uploads\/2026\/03\/BACKGROUND_FOOTER_01111-768x217.jpg 768w, https:\/\/beauteroyaute.com\/wp-content\/uploads\/2026\/03\/BACKGROUND_FOOTER_01111-1536x434.jpg 1536w, https:\/\/beauteroyaute.com\/wp-content\/uploads\/2026\/03\/BACKGROUND_FOOTER_01111-18x5.jpg 18w, https:\/\/beauteroyaute.com\/wp-content\/uploads\/2026\/03\/BACKGROUND_FOOTER_01111-1000x282.jpg 1000w, https:\/\/beauteroyaute.com\/wp-content\/uploads\/2026\/03\/BACKGROUND_FOOTER_01111.jpg 1920w\" sizes=\"(max-width: 1024px) 100vw, 1024px\" \/>\t\t\t\t\t\t\t\t\t\t\t\t\t\t\t<\/div>\n\t\t\t\t<\/div>\n\t\t\t\t\t<\/div>\n\t\t<\/div>\n\t\t\t\t\t<\/div>\n\t\t<\/section>\n\t\t\t\t<section class=\"elementor-section elementor-top-section elementor-element elementor-element-9430d4b elementor-section-boxed elementor-section-height-default elementor-section-height-default\" data-id=\"9430d4b\" data-element_type=\"section\" data-e-type=\"section\" data-settings=\"{&quot;jet_parallax_layout_list&quot;:[]}\">\n\t\t\t\t\t\t<div class=\"elementor-container elementor-column-gap-default\">\n\t\t\t\t\t<div class=\"elementor-column elementor-col-100 elementor-top-column elementor-element elementor-element-a858ece\" data-id=\"a858ece\" data-element_type=\"column\" data-e-type=\"column\">\n\t\t\t<div class=\"elementor-widget-wrap elementor-element-populated\">\n\t\t\t\t\t\t<div class=\"elementor-element elementor-element-aa0b7ef elementor-widget elementor-widget-text-editor\" data-id=\"aa0b7ef\" data-element_type=\"widget\" data-e-type=\"widget\" data-widget_type=\"text-editor.default\">\n\t\t\t\t<div class=\"elementor-widget-container\">\n\t\t\t\t\t\t\t\t\t\n<h3>POLITIQUE DE REMBOURSEMENT\u00a0<\/h3>\n<p>Derni\u00e8re mise \u00e0 jour : 2026-03-22<\/p>\n\n<p><em>Chez Beaut\u00e9 &amp; Royaut\u00e9, la satisfaction de nos clients est notre priorit\u00e9. Nous vous invitons \u00e0 lire attentivement notre politique de remboursement avant tout achat.<\/em><\/p>\n<p><br \/><strong>1. Produits physiques<\/strong> (cosm\u00e9tiques, cartes imprim\u00e9es, coffrets)<\/p>\n<p>Pour des raisons d\u2019hygi\u00e8ne et de s\u00e9curit\u00e9, tous les produits cosm\u00e9tiques sont des ventes finales. Aucun remboursement ou \u00e9change n\u2019est accept\u00e9 dans les cas suivants:<\/p>\n<p>Produit ouvert, utilis\u00e9 ou alt\u00e9r\u00e9, mauvais choix du client,<br \/>R\u00e9action allergique (nous recommandons toujours un test cutan\u00e9 pr\u00e9alable)<\/p>\n<p>\u00a0<\/p>\n<p><strong>2. Produits num\u00e9riques<\/strong> (cartes num\u00e9riques, PDF, m\u00e9ditations audio)<\/p>\n<p>Tous les produits num\u00e9riques vendus sur le site Beaut\u00e9 &amp; Royaut\u00e9 sont non remboursables et non \u00e9changeables.<\/p>\n<p><em>Cela inclut:<\/em><br \/>Cartes de d\u00e9claration num\u00e9riques<br \/>M\u00e9ditations audio<br \/>Fichiers PDF ou contenus t\u00e9l\u00e9chargeables<\/p>\n<p>\u00a0<\/p>\n<p><strong>3. Cartes de d\u00e9claration imprim\u00e9es<\/strong><br \/>Les cartes imprim\u00e9es sont consid\u00e9r\u00e9es comme des produits physiques.<br \/>Elles sont non remboursables, sauf en cas d\u2019erreur ou de dommage lors de la livraison (voir section 1).<\/p>\n<p>\u00a0<\/p>\n<p><strong>4. Frais de livraison<\/strong><br \/>Les frais de livraison ne sont pas remboursables<br \/>En cas de remboursement approuv\u00e9, seul le montant du produit sera rembours\u00e9<\/p>\n<p>\u00a0<\/p>\n<p><strong>5. D\u00e9lai de traitement des remboursements<\/strong><br \/>Les remboursements approuv\u00e9s seront trait\u00e9s dans un d\u00e9lai de 5 \u00e0 10 jours ouvrables.<br \/>Le remboursement sera effectu\u00e9 selon le mode de paiement initial.<\/p>\n<p>\u00a0<\/p>\n<p><strong>6. Nous contacter<\/strong><br \/>Pour toute question concernant notre politique de remboursement, vous pouvez nous contacter \u00e0 :<\/p>\n<p>\u00a0<\/p>\n<p><strong>info@beauteroyaute.com<\/strong><\/p>\n\t\t\t\t\t\t\t\t<\/div>\n\t\t\t\t<\/div>\n\t\t\t\t\t<\/div>\n\t\t<\/div>\n\t\t\t\t\t<\/div>\n\t\t<\/section>\n\t\t\t\t<\/div>","protected":false},"excerpt":{"rendered":"<p>REFUND POLICY\u00a0 Last update: 2026-03-22 At Beauty and Royalty, the satisfaction of our customers is a priority. We invite you to carefully read our refund policy before making a purchase. 1. Physical products (cosmetics, printed cards, gift sets) For reasons of hygiene and safety, all cosmetic products are final sales. No refunds or exchanges are [&hellip;]<\/p>\n","protected":false},"author":1,"featured_media":0,"parent":0,"menu_order":0,"comment_status":"closed","ping_status":"closed","template":"","meta":{"footnotes":""},"class_list":["post-22513","page","type-page","status-publish","hentry"],"_hostinger_reach_plugin_has_subscription_block":false,"_hostinger_reach_plugin_is_elementor":false,"_links":{"self":[{"href":"https:\/\/beauteroyaute.com\/fr\/wp-json\/wp\/v2\/pages\/22513","targetHints":{"allow":["GET"]}}],"collection":[{"href":"https:\/\/beauteroyaute.com\/fr\/wp-json\/wp\/v2\/pages"}],"about":[{"href":"https:\/\/beauteroyaute.com\/fr\/wp-json\/wp\/v2\/types\/page"}],"author":[{"embeddable":true,"href":"https:\/\/beauteroyaute.com\/fr\/wp-json\/wp\/v2\/users\/1"}],"replies":[{"embeddable":true,"href":"https:\/\/beauteroyaute.com\/fr\/wp-json\/wp\/v2\/comments?post=22513"}],"version-history":[{"count":40,"href":"https:\/\/beauteroyaute.com\/fr\/wp-json\/wp\/v2\/pages\/22513\/revisions"}],"predecessor-version":[{"id":23299,"href":"https:\/\/beauteroyaute.com\/fr\/wp-json\/wp\/v2\/pages\/22513\/revisions\/23299"}],"wp:attachment":[{"href":"https:\/\/beauteroyaute.com\/fr\/wp-json\/wp\/v2\/media?parent=22513"}],"curies":[{"name":"wp","href":"https:\/\/api.w.org\/{rel}","templated":true}]}}